{"id":1094,"date":"2023-07-26T06:28:17","date_gmt":"2023-07-26T06:28:17","guid":{"rendered":"https:\/\/www.segova.cat\/?page_id=1094"},"modified":"2023-12-14T09:55:46","modified_gmt":"2023-12-14T09:55:46","slug":"puertas-y-persianas","status":"publish","type":"page","link":"https:\/\/www.segova.cat\/es\/puertas-y-persianas\/","title":{"rendered":"Puertas y Persianas"},"content":{"rendered":"<div class=\"gb-container gb-container-339c5f5e\">\n<section class=\"gb-container gb-container-9a442c70\">\n\n<p class=\"gb-headline gb-headline-71ab2515 gb-headline-text\">Explora una variedad de soluciones en puertas y persianas dise\u00f1adas para garantizar la seguridad y la funcionalidad de tu hogar o negocio. Cada servicio se personaliza para satisfacer tus necesidades espec\u00edficas, desde la instalaci\u00f3n hasta el mantenimiento y la reparaci\u00f3n. Con un compromiso inquebrantable con la calidad y la seguridad, proporcionamos productos y sistemas en los que puedes confiar. Aprovecha la experiencia y la dedicaci\u00f3n que ponemos en cada proyecto para hacer de tus necesidades de puertas y persianas una experiencia sin complicaciones.<\/p>\n\n\n<div class=\"gb-grid-wrapper gb-grid-wrapper-d7286c0a\">\n<div class=\"gb-grid-column gb-grid-column-9c2609ba\"><div class=\"gb-container gb-container-9c2609ba\">\n\n<a class=\"gb-button gb-button-3efcbffe gb-button-text smooth-scroll\" href=\"#basculantes\">Puertas Basculantes<\/a>\n\n<\/div><\/div>\n\n<div class=\"gb-grid-column gb-grid-column-5b173389\"><div class=\"gb-container gb-container-5b173389\">\n\n<a class=\"gb-button gb-button-eebe780c gb-button-text smooth-scroll\" href=\"#seccional\">Puertas Seccionales<\/a>\n\n<\/div><\/div>\n\n<div class=\"gb-grid-column gb-grid-column-6e576b9d\"><div class=\"gb-container gb-container-6e576b9d\">\n\n<a class=\"gb-button gb-button-fa200e2f gb-button-text smooth-scroll\" href=\"#enrollable\">Puertas Enrollables<\/a>\n\n<\/div><\/div>\n\n<div class=\"gb-grid-column gb-grid-column-cc7e54e2\"><div class=\"gb-container gb-container-cc7e54e2\">\n\n<a class=\"gb-button gb-button-923cffee gb-button-text smooth-scroll\" href=\"#corredera\">Puertas Correderas<\/a>\n\n<\/div><\/div>\n\n<div class=\"gb-grid-column gb-grid-column-3ac4d680\"><div class=\"gb-container gb-container-3ac4d680\">\n\n<a class=\"gb-button gb-button-1556a01a gb-button-text smooth-scroll\" href=\"#batiente\">Puertas Batiente<\/a>\n\n<\/div><\/div>\n\n<div class=\"gb-grid-column gb-grid-column-925b1261\"><div class=\"gb-container gb-container-925b1261\">\n\n<a class=\"gb-button gb-button-76df135f gb-button-text smooth-scroll\" href=\"#rapida\">Puertas R\u00e1pidas<\/a>\n\n<\/div><\/div>\n\n<div class=\"gb-grid-column gb-grid-column-1261ebc9\"><div class=\"gb-container gb-container-1261ebc9\">\n\n<a class=\"gb-button gb-button-30c4481e gb-button-text smooth-scroll\" href=\"#trastero\">Trastero y Cortafuegos<\/a>\n\n<\/div><\/div>\n\n<div class=\"gb-grid-column gb-grid-column-65baed94\"><div class=\"gb-container gb-container-65baed94\">\n\n<a class=\"gb-button gb-button-34c6f94c gb-button-text smooth-scroll\" href=\"#peatonal\">Puertas Peatonales<\/a>\n\n<\/div><\/div>\n<\/div>\n<\/section>\n<\/div>\n\n<section class=\"gb-container gb-container-253fbae6\">\n<div class=\"gb-container gb-container-49ace972\" id=\"basculantes\">\n<div class=\"gb-grid-wrapper gb-grid-wrapper-a301a3e5\">\n<div class=\"gb-grid-column gb-grid-column-01b6276d\"><div class=\"gb-container gb-container-01b6276d\">\n\n<figure class=\"gb-block-image gb-block-image-ff120fb5\"><img loading=\"lazy\" decoding=\"async\" width=\"1024\" height=\"881\" class=\"gb-image gb-image-ff120fb5\" src=\"https:\/\/www.segova.cat\/wp-content\/uploads\/sites\/2\/2023\/07\/Basculante.jpg\" alt=\"\" srcset=\"https:\/\/www.segova.cat\/es\/wp-content\/uploads\/sites\/2\/2023\/07\/Basculante.jpg 1024w, https:\/\/www.segova.cat\/es\/wp-content\/uploads\/sites\/2\/2023\/07\/Basculante-300x258.jpg 300w, https:\/\/www.segova.cat\/es\/wp-content\/uploads\/sites\/2\/2023\/07\/Basculante-768x661.jpg 768w\" sizes=\"auto, (max-width: 1024px) 100vw, 1024px\" \/><\/figure>\n\n<\/div><\/div>\n\n<div class=\"gb-grid-column gb-grid-column-a5ad9da9\"><div class=\"gb-container gb-container-a5ad9da9\">\n\n<h2 class=\"gb-headline gb-headline-92c6498f gb-headline-text\">Puerta Basculante<\/h2>\n\n\n\n<p>Las puertas basculantes son puertas de dos hojas plegables, abertura vertical, con contrapeso lateral, de f\u00e1cil y c\u00f3moda maniobra, tanto a la apertura como al cierre. Son silenciosas y ofrecen una gran variedad de acabados.<\/p>\n\n\n\n<p>Se pueden fabricar tanto con plancha galvanizada modelo plancha ancho o pc4, madera (flandes, melis, nyangon, iroco) con diferentes tipos de barnizado, aluminio (ral estandar, reales especiales y diferentes acabados imitaci\u00f3n madera), panel s\u00e1ndwich, aplacados especiales\u2026 Opcionalmente pueden llevar una puerta peatonal en medio o en un lateral.<\/p>\n\n\n\n<p>Tambi\u00e9n se pueden hacer ventiladas o acoplando unas tarjetas por cristales en la parte superior de la puerta.<\/p>\n\n\n\n<p>Se fabrican bajo pedido y a medida y cumplen con la normativa CE UNE-EN13241-1, adecu\u00e1ndolas con todas las medidas de seguridad. Pueden ser manuales o autom\u00e1ticas, eligiendo el automatismo dependiendo de los tama\u00f1os y el n\u00famero de maniobras de la puerta.<\/p>\n\n\n\n<p>Estas puertas necesitan un m\u00ednimo mantenimiento y son ideales para particulares, comunidades de vecinos y naves industriales.<\/p>\n\n<\/div><\/div>\n<\/div>\n<\/div>\n\n<div class=\"gb-container gb-container-b01eb83e\" id=\"seccional\">\n<div class=\"gb-grid-wrapper gb-grid-wrapper-84178ff1\">\n<div class=\"gb-grid-column gb-grid-column-3b039fa4\"><div class=\"gb-container gb-container-3b039fa4\">\n\n<h2 class=\"gb-headline gb-headline-27b79b56 gb-headline-text\">Puerta Seccional<\/h2>\n\n\n\n<p>Por su comodidad, seguridad, elegancia y dise\u00f1o es una puerta ideal para garajes residenciales y para entradas a talleres o almacenes industriales. Su apertura vertical hacia el techo, permite un aprovechamiento del espacio tanto dentro como fuera del garaje, as\u00ed como todo el ancho de paso. Es la m\u00e1s silenciosa del mercado.<\/p>\n\n\n\n<p>La variedad de sus acabados permite adaptarse totalmente a su gusto. Se ofrecen diferentes tipos de espesor de panel y diferentes acabados: liso, con acanaladuras, cuarteles e imitaciones madera.<\/p>\n\n\n\n<p>La tranquilidad con este tipo de puerta se garantiza gracias a las medidas de seguridad que incorpora.<\/p>\n\n<\/div><\/div>\n\n<div class=\"gb-grid-column gb-grid-column-cf26e823\"><div class=\"gb-container gb-container-cf26e823\">\n\n<figure class=\"gb-block-image gb-block-image-c89bb5f5\"><img loading=\"lazy\" decoding=\"async\" width=\"1024\" height=\"767\" class=\"gb-image gb-image-c89bb5f5\" src=\"https:\/\/www.segova.cat\/wp-content\/uploads\/sites\/2\/2023\/07\/Seccional-1.jpg\" alt=\"\" title=\"Seccional-1\" srcset=\"https:\/\/www.segova.cat\/es\/wp-content\/uploads\/sites\/2\/2023\/07\/Seccional-1.jpg 1024w, https:\/\/www.segova.cat\/es\/wp-content\/uploads\/sites\/2\/2023\/07\/Seccional-1-300x225.jpg 300w, https:\/\/www.segova.cat\/es\/wp-content\/uploads\/sites\/2\/2023\/07\/Seccional-1-768x575.jpg 768w\" sizes=\"auto, (max-width: 1024px) 100vw, 1024px\" \/><\/figure>\n\n<\/div><\/div>\n<\/div>\n<\/div>\n\n<div class=\"gb-container gb-container-753392ea\" id=\"enrollable\">\n<div class=\"gb-grid-wrapper gb-grid-wrapper-1284e643\">\n<div class=\"gb-grid-column gb-grid-column-5f48d959\"><div class=\"gb-container gb-container-5f48d959\">\n\n<figure class=\"gb-block-image gb-block-image-fb4d1a21\"><img loading=\"lazy\" decoding=\"async\" width=\"1024\" height=\"848\" class=\"gb-image gb-image-fb4d1a21\" src=\"https:\/\/www.segova.cat\/wp-content\/uploads\/sites\/2\/2023\/07\/Enrollable-1.jpg\" alt=\"\" title=\"Enrollable-1\" srcset=\"https:\/\/www.segova.cat\/es\/wp-content\/uploads\/sites\/2\/2023\/07\/Enrollable-1.jpg 1024w, https:\/\/www.segova.cat\/es\/wp-content\/uploads\/sites\/2\/2023\/07\/Enrollable-1-300x248.jpg 300w, https:\/\/www.segova.cat\/es\/wp-content\/uploads\/sites\/2\/2023\/07\/Enrollable-1-768x636.jpg 768w\" sizes=\"auto, (max-width: 1024px) 100vw, 1024px\" \/><\/figure>\n\n<\/div><\/div>\n\n<div class=\"gb-grid-column gb-grid-column-7baa6f27\"><div class=\"gb-container gb-container-7baa6f27\">\n\n<h2 class=\"gb-headline gb-headline-eb12ef82 gb-headline-text\">Puerta Enrollable<\/h2>\n\n\n\n<p>Son la soluci\u00f3n m\u00e1s econ\u00f3mica para cubrir cualquier entrada, ya sea por uso comercial, industrial o residencial. F\u00e1cil de mantener y maniobrar.<\/p>\n\n\n\n<p>Se pueden fabricar con plancha galvanizada, con la opci\u00f3n de lacado en el horno; o bien con lamas de aluminio con una amplia gama de colores y acabados. Posibilidad de incluir visibilidad o ventilaci\u00f3n en la puerta.<\/p>\n\n\n\n<p>No ocupa espacio lateral y se puede enrollar hacia el interior como en el exterior y permite aprovechar todo el espacio de dentro y fuera del garaje.<\/p>\n\n\n\n<p>Pueden ser manuales o autom\u00e1ticas, eligiendo el automatismo dependiendo de los tama\u00f1os y el n\u00famero de maniobras de la puerta.<\/p>\n\n<\/div><\/div>\n<\/div>\n<\/div>\n\n<div class=\"gb-container gb-container-5993972b\" id=\"corredera\">\n<div class=\"gb-grid-wrapper gb-grid-wrapper-772bf9bf\">\n<div class=\"gb-grid-column gb-grid-column-5935a0dc\"><div class=\"gb-container gb-container-5935a0dc\">\n\n<h2 class=\"gb-headline gb-headline-2b18d73a gb-headline-text\">Puerta Corredera<\/h2>\n\n\n\n<p>Son otra soluci\u00f3n de cierre tanto por puertas de garaje como de jard\u00edn. Este tipo de puertas tambi\u00e9n se utilizan para zonas industriales a menudo como entrada al recinto de la empresa.<\/p>\n\n\n\n<p>Su abertura es lateral y corre sobre una gu\u00eda, necesitando el mismo espacio de ancho de la puerta a continuaci\u00f3n, para poder abrirla. Pueden ser de una o dos hojas, manuales o autom\u00e1ticas.<\/p>\n\n\n\n<p>Se ofrecen varias posibilidades tanto de dise\u00f1os como acabados. Se pueden fabricar con plancha galvanizada, con hierro negro, aluminio, chapa corten, madera\u2026<\/p>\n\n<\/div><\/div>\n\n<div class=\"gb-grid-column gb-grid-column-c05da561\"><div class=\"gb-container gb-container-c05da561\">\n\n<figure class=\"gb-block-image gb-block-image-b4525b70\"><img loading=\"lazy\" decoding=\"async\" width=\"1024\" height=\"782\" class=\"gb-image gb-image-b4525b70\" src=\"https:\/\/www.segova.cat\/wp-content\/uploads\/sites\/2\/2023\/07\/Correderas-1-1.jpg\" alt=\"\" title=\"Correderas-1-1\" srcset=\"https:\/\/www.segova.cat\/es\/wp-content\/uploads\/sites\/2\/2023\/07\/Correderas-1-1.jpg 1024w, https:\/\/www.segova.cat\/es\/wp-content\/uploads\/sites\/2\/2023\/07\/Correderas-1-1-300x229.jpg 300w, https:\/\/www.segova.cat\/es\/wp-content\/uploads\/sites\/2\/2023\/07\/Correderas-1-1-768x587.jpg 768w\" sizes=\"auto, (max-width: 1024px) 100vw, 1024px\" \/><\/figure>\n\n<\/div><\/div>\n<\/div>\n<\/div>\n\n<div class=\"gb-container gb-container-724269db\" id=\"batiente\">\n<div class=\"gb-grid-wrapper gb-grid-wrapper-b9add5b7\">\n<div class=\"gb-grid-column gb-grid-column-a57f34d7\"><div class=\"gb-container gb-container-a57f34d7\">\n\n<figure class=\"gb-block-image gb-block-image-bc48a5bf\"><img loading=\"lazy\" decoding=\"async\" width=\"1024\" height=\"662\" class=\"gb-image gb-image-bc48a5bf\" src=\"https:\/\/www.segova.cat\/wp-content\/uploads\/sites\/2\/2023\/07\/Cancela-1.jpg\" alt=\"\" title=\"Cancela-1\" srcset=\"https:\/\/www.segova.cat\/es\/wp-content\/uploads\/sites\/2\/2023\/07\/Cancela-1.jpg 1024w, https:\/\/www.segova.cat\/es\/wp-content\/uploads\/sites\/2\/2023\/07\/Cancela-1-300x194.jpg 300w, https:\/\/www.segova.cat\/es\/wp-content\/uploads\/sites\/2\/2023\/07\/Cancela-1-768x497.jpg 768w\" sizes=\"auto, (max-width: 1024px) 100vw, 1024px\" \/><\/figure>\n\n<\/div><\/div>\n\n<div class=\"gb-grid-column gb-grid-column-b99e09bf\"><div class=\"gb-container gb-container-b99e09bf\">\n\n<h2 class=\"gb-headline gb-headline-9d957b33 gb-headline-text\">Puerta Batiente<\/h2>\n\n\n\n<p>Son otra soluci\u00f3n de cierre tanto por puertas de garaje como de jard\u00edn. Se ofrecen varias posibilidades tanto de dise\u00f1os como acabados. Se pueden fabricar con plancha galvanizada, con hierro negra, aluminio, chapa corten, madera\u2026<\/p>\n\n\n\n<p>Su abertura es lateral ocupando el espacio de la puerta en el interior del garaje. Pueden ser de una o dos hojas, manuales o autom\u00e1ticas.<\/p>\n\n<\/div><\/div>\n<\/div>\n<\/div>\n\n<div class=\"gb-container gb-container-f83ecf7d\" id=\"peatonal\">\n<div class=\"gb-grid-wrapper gb-grid-wrapper-99e54f4b\">\n<div class=\"gb-grid-column gb-grid-column-6c605a67\"><div class=\"gb-container gb-container-6c605a67\">\n\n<h2 class=\"gb-headline gb-headline-537fd8f8 gb-headline-text\">Puerta Peatonal<\/h2>\n\n\n\n<p>La puerta de entrada es el principal v\u00ednculo entre el interior y el exterior. Exterior de la puerta de entrada a menudo es un reflejo del interior de la casa o edificio. Tambi\u00e9n es una de las primeras impresiones que se reciben de la misma. La puerta de entrada, no debe ser elegida a la ligera, por no mencionar el aspecto de la seguridad.<\/p>\n\n\n\n<p>Existen muchos tipos de puertas de entrada, desde la m\u00e1s est\u00e1ndar a la m\u00e1s est\u00e9tica.<\/p>\n\n\n\n<p>Nuestras puertas est\u00e1n hechas a medida y pueden mezclar los materiales necesarios para la resistencia y seguridad de la puerta de entrada a otros materiales m\u00e1s est\u00e9ticos como el vidrio a trav\u00e9s de barras de hierro forjado que le dan una apariencia m\u00e1s armoniosa y protegen el interior de polvo y lluvia.<\/p>\n\n<\/div><\/div>\n\n<div class=\"gb-grid-column gb-grid-column-4fc7456d\"><div class=\"gb-container gb-container-4fc7456d\">\n\n<figure class=\"gb-block-image gb-block-image-83f62211\"><img loading=\"lazy\" decoding=\"async\" width=\"672\" height=\"1024\" class=\"gb-image gb-image-83f62211\" src=\"https:\/\/www.segova.cat\/wp-content\/uploads\/sites\/2\/2023\/07\/peatonal.jpg\" alt=\"\" title=\"peatonal\" srcset=\"https:\/\/www.segova.cat\/es\/wp-content\/uploads\/sites\/2\/2023\/07\/peatonal.jpg 672w, https:\/\/www.segova.cat\/es\/wp-content\/uploads\/sites\/2\/2023\/07\/peatonal-197x300.jpg 197w\" sizes=\"auto, (max-width: 672px) 100vw, 672px\" \/><\/figure>\n\n<\/div><\/div>\n<\/div>\n<\/div>\n\n<div class=\"gb-container gb-container-48c5ae30\" id=\"rapida\">\n<div class=\"gb-grid-wrapper gb-grid-wrapper-c6e107fa\">\n<div class=\"gb-grid-column gb-grid-column-b03ebcf3\"><div class=\"gb-container gb-container-b03ebcf3\">\n\n<h2 class=\"gb-headline gb-headline-99df7c74 gb-headline-text\">Puerta Industrial R\u00e1pida<\/h2>\n\n\n\n<p>La puerta r\u00e1pida enrollable Fenroll ha sido dise\u00f1ada para las aberturas donde el paso sea muy intenso principalmente por sitios industriales.<\/p>\n\n\n\n<p>Ofreciendo una gran resistencia al aire y mucha estanqueidad, es ideal para zonas de traficintens en almacenes, laboratorios y muelles de carga. Tambi\u00e9n ayuda a mantener zonas protegidas de las corrientes de aire y para controlar la entrada de personal. As\u00ed como la climatizaci\u00f3n de naves y amortiguadores de ruidos. La seguridad que ofrece Fenroll, con una fotoc\u00e9lula y una banda sensoria de seguridad en la parte inferior de la lona, la hace una de las puertas m\u00e1s seguras del mercado, tanto para maquinaria m\u00f3vil como peatonal.<\/p>\n\n<\/div><\/div>\n\n<div class=\"gb-grid-column gb-grid-column-e21ce3a5\"><div class=\"gb-container gb-container-e21ce3a5\">\n\n<figure class=\"gb-block-image gb-block-image-50b68a47\"><img loading=\"lazy\" decoding=\"async\" width=\"900\" height=\"1012\" class=\"gb-image gb-image-50b68a47\" src=\"https:\/\/www.segova.cat\/wp-content\/uploads\/sites\/2\/2023\/07\/Rapidas.jpg\" alt=\"\" title=\"Rapidas\" srcset=\"https:\/\/www.segova.cat\/es\/wp-content\/uploads\/sites\/2\/2023\/07\/Rapidas.jpg 900w, https:\/\/www.segova.cat\/es\/wp-content\/uploads\/sites\/2\/2023\/07\/Rapidas-267x300.jpg 267w, https:\/\/www.segova.cat\/es\/wp-content\/uploads\/sites\/2\/2023\/07\/Rapidas-768x864.jpg 768w\" sizes=\"auto, (max-width: 900px) 100vw, 900px\" \/><\/figure>\n\n<\/div><\/div>\n<\/div>\n<\/div>\n\n<div class=\"gb-container gb-container-69f8d901\" id=\"trastero\">\n<div class=\"gb-grid-wrapper gb-grid-wrapper-28a7f3c6\">\n<div class=\"gb-grid-column gb-grid-column-ad25145f\"><div class=\"gb-container gb-container-ad25145f\">\n\n<figure class=\"gb-block-image gb-block-image-8cfe35e8\"><img loading=\"lazy\" decoding=\"async\" width=\"1024\" height=\"662\" class=\"gb-image gb-image-8cfe35e8\" src=\"https:\/\/www.segova.cat\/wp-content\/uploads\/sites\/2\/2023\/07\/Cancela-1.jpg\" alt=\"\" title=\"Cancela-1\" srcset=\"https:\/\/www.segova.cat\/es\/wp-content\/uploads\/sites\/2\/2023\/07\/Cancela-1.jpg 1024w, https:\/\/www.segova.cat\/es\/wp-content\/uploads\/sites\/2\/2023\/07\/Cancela-1-300x194.jpg 300w, https:\/\/www.segova.cat\/es\/wp-content\/uploads\/sites\/2\/2023\/07\/Cancela-1-768x497.jpg 768w\" sizes=\"auto, (max-width: 1024px) 100vw, 1024px\" \/><\/figure>\n\n<\/div><\/div>\n\n<div class=\"gb-grid-column gb-grid-column-a541d063\"><div class=\"gb-container gb-container-a541d063\">\n\n<h2 class=\"gb-headline gb-headline-51a0c5fe gb-headline-text\">Puerta Trastero<\/h2>\n\n\n\n<p>La puerta super de Novoferm alsal se presenta con los m\u00e1s elevados est\u00e1ndares de calidad, con un alto grado de plenitud, estabilidad y resistencia a la torsi\u00f3n y una construcci\u00f3n t\u00e9cnica que impide el sonido met\u00e1lico todo ello gracias al avanzado proceso de fabricaci\u00f3n y la incorporaci\u00f3n de los materiales m\u00e1s novedosos. Se presenta con una amplia variedad de acabados y lacados en colores.<\/p>\n\n\n\n<p>Junta trilateral opcional, que reduce el ruido de cierre y contribuye al ahorro de gastos de calefacci\u00f3n y escuadra inferior atornillada incluso por marco integral. Todas las puertas se suministran con bisagras galvanizadas o lacadas regulables que permiten el perfecto asentamiento de la puerta, pudiendo ir de 3 cuerpos por hojas especiales. La cerradura de doble vuelta se fija a la hoja mediante tornillos que facilitan su sustituci\u00f3n, en contraposici\u00f3n a los habituales remaches y existe una gran gama de esposas y pomos. Una amplia gama de colores y texturas, realizadas con pintura electrost\u00e1tica en polvo, respetuosa con el medio ambiente; con ventilaci\u00f3n mediante troquelados o kit Plate de protecci\u00f3n de hojas.<\/p>\n\n\n\n<p>Debido a su excelente acabado, el buen precio y su f\u00e1cil colocaci\u00f3n es la puerta ideal para puertas de trasteros.<\/p>\n\n<\/div><\/div>\n<\/div>\n<\/div>\n<\/section>","protected":false},"excerpt":{"rendered":"<p>Explora una variedad de soluciones en puertas y persianas dise\u00f1adas para garantizar la seguridad y &#8230; <a title=\"Puertas y Persianas\" class=\"read-more\" href=\"https:\/\/www.segova.cat\/es\/puertas-y-persianas\/\" aria-label=\"Leer m\u00e1s sobre Puertas y Persianas\">Leer m\u00e1s<\/a><\/p>\n","protected":false},"author":1,"featured_media":0,"parent":0,"menu_order":0,"comment_status":"closed","ping_status":"closed","template":"","meta":{"footnotes":""},"class_list":["post-1094","page","type-page","status-publish"],"_links":{"self":[{"href":"https:\/\/www.segova.cat\/es\/wp-json\/wp\/v2\/pages\/1094","targetHints":{"allow":["GET"]}}],"collection":[{"href":"https:\/\/www.segova.cat\/es\/wp-json\/wp\/v2\/pages"}],"about":[{"href":"https:\/\/www.segova.cat\/es\/wp-json\/wp\/v2\/types\/page"}],"author":[{"embeddable":true,"href":"https:\/\/www.segova.cat\/es\/wp-json\/wp\/v2\/users\/1"}],"replies":[{"embeddable":true,"href":"https:\/\/www.segova.cat\/es\/wp-json\/wp\/v2\/comments?post=1094"}],"version-history":[{"count":23,"href":"https:\/\/www.segova.cat\/es\/wp-json\/wp\/v2\/pages\/1094\/revisions"}],"predecessor-version":[{"id":1970,"href":"https:\/\/www.segova.cat\/es\/wp-json\/wp\/v2\/pages\/1094\/revisions\/1970"}],"wp:attachment":[{"href":"https:\/\/www.segova.cat\/es\/wp-json\/wp\/v2\/media?parent=1094"}],"curies":[{"name":"wp","href":"https:\/\/api.w.org\/{rel}","templated":true}]}}