{"id":1374,"date":"2023-10-16T09:49:58","date_gmt":"2023-10-16T09:49:58","guid":{"rendered":"https:\/\/www.segova.cat\/es\/?page_id=1374"},"modified":"2023-11-28T10:33:28","modified_gmt":"2023-11-28T10:33:28","slug":"terminos-y-condiciones","status":"publish","type":"page","link":"https:\/\/www.segova.cat\/es\/terminos-y-condiciones\/","title":{"rendered":"Terminos y Condiciones"},"content":{"rendered":"\n<p><strong>T\u00e9rminos y Condiciones de Segova Puertas y Automatismos<\/strong><\/p>\n\n\n\n<p><strong>Aceptaci\u00f3n de los t\u00e9rminos:<\/strong> Al acceder y utilizar <a href=\"https:\/\/segova.cat\/\">https:\/\/segova.cat<\/a>, aceptas cumplir con los siguientes t\u00e9rminos y condiciones. Si no est\u00e1s de acuerdo con alguno de estos t\u00e9rminos, te recomendamos no utilizar este sitio.<\/p>\n\n\n\n<p><strong>Uso del sitio web:<\/strong> Este sitio est\u00e1 destinado a proporcionar informaci\u00f3n sobre Segova Puertas y Automatismos, as\u00ed como para permitir a los usuarios solicitar presupuestos o ponerse en contacto con nosotros. No est\u00e1 permitido utilizar este sitio para fines ilegales o prohibidos por estos t\u00e9rminos.<\/p>\n\n\n\n<p><strong>Propiedad intelectual:<\/strong> Todo el contenido presente en <a href=\"https:\/\/segova.cat\/\">https:\/\/segova.cat<\/a>, incluidos textos, im\u00e1genes, logos y otros, est\u00e1 protegido por leyes de derechos de autor y es propiedad exclusiva de Segova Puertas y Automatismos. Est\u00e1 prohibido copiar, distribuir, modificar o usar este contenido sin nuestro consentimiento expreso por escrito.<\/p>\n\n\n\n<p><strong>Limitaci\u00f3n de responsabilidad:<\/strong> Aunque nos esforzamos por proporcionar informaci\u00f3n precisa y actualizada, no garantizamos que el contenido de este sitio est\u00e9 libre de errores. No seremos responsables de ning\u00fan da\u00f1o o p\u00e9rdida derivados del uso o la incapacidad de usar este sitio.<\/p>\n\n\n\n<p><strong>Enlaces a terceros:<\/strong> Nuestro sitio puede contener enlaces a sitios web de terceros. Estos enlaces se proporcionan para tu conveniencia. No tenemos control sobre estos sitios y no somos responsables de su contenido o pol\u00edticas de privacidad.<\/p>\n\n\n\n<p><strong>Jurisdicci\u00f3n:<\/strong> Estos t\u00e9rminos y condiciones se regir\u00e1n e interpretar\u00e1n de acuerdo con las leyes de Espa\u00f1a. Cualquier conflicto o disputa surgida en relaci\u00f3n con el uso de este sitio se resolver\u00e1 en los tribunales de Barcelona.<\/p>\n\n\n\n<p><strong>Cambios en los t\u00e9rminos:<\/strong> Nos reservamos el derecho de modificar estos t\u00e9rminos y condiciones en cualquier momento. Al seguir utilizando el sitio despu\u00e9s de que se hayan realizado cambios, aceptas cumplir con los t\u00e9rminos revisados.<\/p>\n\n\n\n<p><strong>Contacto:<\/strong> Si tienes preguntas o inquietudes sobre estos t\u00e9rminos y condiciones, puedes contactarnos en:<\/p>\n\n\n\n<ul class=\"wp-block-list\">\n<li><strong>Direcci\u00f3n:<\/strong> Avinguda de la Pirelli, 6, Recinte Industrial, 08241 Manresa, Barcelona<\/li>\n\n\n\n<li><strong>Tel\u00e9fono:<\/strong> 629 06 43 68<\/li>\n\n\n\n<li><strong>Correo electr\u00f3nico:<\/strong> <a href=\"mailto:administracion@segova.cat\">administracion@segova.cat<\/a><\/li>\n<\/ul>\n","protected":false},"excerpt":{"rendered":"<p>T\u00e9rminos y Condiciones de Segova Puertas y Automatismos Aceptaci\u00f3n de los t\u00e9rminos: Al acceder y &#8230; <a title=\"Terminos y Condiciones\" class=\"read-more\" href=\"https:\/\/www.segova.cat\/es\/terminos-y-condiciones\/\" aria-label=\"Leer m\u00e1s sobre Terminos y Condiciones\">Leer m\u00e1s<\/a><\/p>\n","protected":false},"author":1,"featured_media":0,"parent":0,"menu_order":0,"comment_status":"closed","ping_status":"closed","template":"","meta":{"footnotes":""},"class_list":["post-1374","page","type-page","status-publish"],"_links":{"self":[{"href":"https:\/\/www.segova.cat\/es\/wp-json\/wp\/v2\/pages\/1374","targetHints":{"allow":["GET"]}}],"collection":[{"href":"https:\/\/www.segova.cat\/es\/wp-json\/wp\/v2\/pages"}],"about":[{"href":"https:\/\/www.segova.cat\/es\/wp-json\/wp\/v2\/types\/page"}],"author":[{"embeddable":true,"href":"https:\/\/www.segova.cat\/es\/wp-json\/wp\/v2\/users\/1"}],"replies":[{"embeddable":true,"href":"https:\/\/www.segova.cat\/es\/wp-json\/wp\/v2\/comments?post=1374"}],"version-history":[{"count":1,"href":"https:\/\/www.segova.cat\/es\/wp-json\/wp\/v2\/pages\/1374\/revisions"}],"predecessor-version":[{"id":1375,"href":"https:\/\/www.segova.cat\/es\/wp-json\/wp\/v2\/pages\/1374\/revisions\/1375"}],"wp:attachment":[{"href":"https:\/\/www.segova.cat\/es\/wp-json\/wp\/v2\/media?parent=1374"}],"curies":[{"name":"wp","href":"https:\/\/api.w.org\/{rel}","templated":true}]}}