{"id":1803,"date":"2025-04-15T02:51:47","date_gmt":"2025-04-15T02:51:47","guid":{"rendered":"https:\/\/www.segova.cat\/es\/?page_id=1803"},"modified":"2025-05-08T10:14:23","modified_gmt":"2025-05-08T10:14:23","slug":"puertas-seccionales-asequibles-en-el-bages","status":"publish","type":"page","link":"https:\/\/www.segova.cat\/es\/puertas-seccionales-asequibles-en-el-bages\/","title":{"rendered":"Puertas seccionales asequibles en el Bages"},"content":{"rendered":"<div class=\"gb-container gb-container-5b1bed0e\">\n<div class=\"gb-container gb-container-96373224\">\n<div class=\"gb-container gb-container-963ae0f7\"><\/div>\n\n<div class=\"gb-grid-wrapper gb-grid-wrapper-84337821\">\n<div class=\"gb-grid-column gb-grid-column-ace72a96\"><div class=\"gb-container gb-container-ace72a96\">\n\n<h1 class=\"gb-headline gb-headline-73da7c9e gb-headline-text\">Puertas Autom\u00e1ticas DoorGate &#8211; M\u00e1xima Seguridad y Dise\u00f1o para tu Espacio<\/h1>\n\n\n\n<div class=\"gb-headline gb-headline-7893d4c4 gb-headline-text\">Distribuidor oficial de DoorGate en Catalu\u00f1a. Soluciones personalizadas con la garant\u00eda de SEGOVA<\/div>\n\n\n\n<a class=\"gb-button gb-button-b26a9908 gb-button-text\" href=\"https:\/\/www.segova.cat\/es\/contacto\/\">Solicita tu Presupuesto Personalizado<\/a>\n\n<\/div><\/div>\n\n<div class=\"gb-grid-column gb-grid-column-df4df1ba\"><div class=\"gb-container gb-container-df4df1ba\"><\/div><\/div>\n<\/div>\n<\/div>\n<\/div>\n\n<div class=\"gb-container gb-container-1fccae84\">\n<div class=\"gb-container gb-container-e7b6f8f6\">\n<div class=\"gb-container gb-container-dd09a7a2\">\n\n<h2 class=\"gb-headline gb-headline-afa2fc52 gb-headline-text\">Ventajas Exclusivas de las Puertas DoorGate con SEGOVA<\/h2>\n\n\n<div class=\"gb-grid-wrapper gb-grid-wrapper-10641c1d\">\n<div class=\"gb-grid-column gb-grid-column-15b01a45\"><div class=\"gb-container gb-container-15b01a45\">\n\n<h4 class=\"gb-headline gb-headline-9499a5d1\"><span class=\"gb-icon\"><\/span><span class=\"gb-headline-text\">Seguridad Garantizada<\/span><\/h4>\n\n\n\n<p class=\"gb-text\">Puertas robustas con sistemas de seguridad avanzados para proteger tu hogar o negocio.<\/p>\n\n<\/div><\/div>\n\n<div class=\"gb-grid-column gb-grid-column-982cf946\"><div class=\"gb-container gb-container-982cf946\">\n\n<h4 class=\"gb-headline gb-headline-2653c4f5\"><span class=\"gb-icon\"><\/span><span class=\"gb-headline-text\">Dise\u00f1o a Medida<\/span><\/h4>\n\n\n\n<p class=\"gb-text\">Amplia gama de estilos y acabados para integrarse perfectamente en cualquier entorno.<\/p>\n\n<\/div><\/div>\n\n<div class=\"gb-grid-column gb-grid-column-86a055ed\"><div class=\"gb-container gb-container-86a055ed\">\n\n<h4 class=\"gb-headline gb-headline-340374fb\"><span class=\"gb-icon\"><\/span><span class=\"gb-headline-text\">Calidad y Durabilidad<\/span><\/h4>\n\n\n\n<p class=\"gb-text\">Materiales de primera calidad y tecnolog\u00eda de vanguardia para una larga vida \u00fatil.<\/p>\n\n<\/div><\/div>\n\n<div class=\"gb-grid-column gb-grid-column-54d42b3f\"><div class=\"gb-container gb-container-54d42b3f\">\n\n<h4 class=\"gb-headline gb-headline-61216fe3\"><span class=\"gb-icon\"><\/span><span class=\"gb-headline-text\">Instalaci\u00f3n Profesional<\/span><\/h4>\n\n\n\n<p class=\"gb-text\">SEGOVA garantiza una instalaci\u00f3n experta y un servicio postventa excepcional.<\/p>\n\n<\/div><\/div>\n<\/div>\n<\/div>\n\n<div class=\"gb-container gb-container-cb1deb1b\">\n\n<h2 class=\"gb-headline gb-headline-9a3531bc gb-headline-text\">Solicita tu Presupuesto<\/h2>\n\n\n\n<div class=\"forminator-guttenberg\"><div class=\"forminator-ui forminator-custom-form forminator-custom-form-1806 forminator-design--default  forminator_ajax\" data-forminator-render=\"0\" data-form=\"forminator-module-1806\" data-uid=\"69d56b3a44547\"><br\/><\/div><form\r\n\t\t\t\tid=\"forminator-module-1806\"\r\n\t\t\t\tclass=\"forminator-ui forminator-custom-form forminator-custom-form-1806 forminator-design--default  forminator_ajax\"\r\n\t\t\t\tmethod=\"post\"\r\n\t\t\t\tdata-forminator-render=\"0\"\r\n\t\t\t\tdata-form-id=\"1806\"\r\n\t\t\t\t data-color-option=\"theme\" data-design=\"default\" data-grid=\"open\" style=\"display: none;\"\r\n\t\t\t\tdata-uid=\"69d56b3a44547\"\r\n\t\t\t><div role=\"alert\" aria-live=\"polite\" class=\"forminator-response-message forminator-error\" aria-hidden=\"true\"><\/div><div class=\"forminator-row\"><div id=\"name-1\" class=\"forminator-field-name forminator-col forminator-col-12 \"><div class=\"forminator-field\"><label for=\"forminator-field-name-1_69d56b3a44547\" id=\"forminator-field-name-1_69d56b3a44547-label\" class=\"forminator-label\">Nombre <span class=\"forminator-required\">*<\/span><\/label><input type=\"text\" name=\"name-1\" value=\"\" placeholder=\"Ejemplo: Juan\" id=\"forminator-field-name-1_69d56b3a44547\" class=\"forminator-input forminator-name--field\" aria-required=\"true\" autocomplete=\"name\" \/><\/div><\/div><\/div><div class=\"forminator-row\"><div id=\"email-1\" class=\"forminator-field-email forminator-col forminator-col-12 \"><div class=\"forminator-field\"><label for=\"forminator-field-email-1_69d56b3a44547\" id=\"forminator-field-email-1_69d56b3a44547-label\" class=\"forminator-label\">Direcci\u00f3n de correo electr\u00f3nico <span class=\"forminator-required\">*<\/span><\/label><input type=\"email\" name=\"email-1\" value=\"\" placeholder=\"Ej . : john@doe.com\" id=\"forminator-field-email-1_69d56b3a44547\" class=\"forminator-input forminator-email--field\" data-required=\"true\" aria-required=\"true\" autocomplete=\"email\" \/><\/div><\/div><\/div><div class=\"forminator-row\"><div id=\"phone-1\" class=\"forminator-field-phone forminator-col forminator-col-6 \"><div class=\"forminator-field\"><label for=\"forminator-field-phone-1_69d56b3a44547\" id=\"forminator-field-phone-1_69d56b3a44547-label\" class=\"forminator-label\">N\u00famero de tel\u00e9fono<\/label><input type=\"text\" name=\"phone-1\" value=\"\" placeholder=\"Ejemplo: +1 3004005000\" id=\"forminator-field-phone-1_69d56b3a44547\" class=\"forminator-input forminator-field--phone\" data-required=\"\" aria-required=\"false\" autocomplete=\"off\" \/><\/div><\/div><div id=\"address-1\" class=\"forminator-field-address forminator-col forminator-col-6 \"><div class=\"forminator-row\" data-multiple=\"false\"><div id=\"address-1-city\" class=\"forminator-col forminator-col-12\"><div class=\"forminator-field\"><label for=\"forminator-field-address-1-city_69d56b3a44547\" id=\"forminator-field-address-1-city_69d56b3a44547-label\" class=\"forminator-label\">Ciudad<\/label><input type=\"text\" name=\"address-1-city\" placeholder=\"Ejemplo: Manresa\" id=\"forminator-field-address-1-city_69d56b3a44547\" class=\"forminator-input\" data-required=\"\" aria-required=\"false\" autocomplete=\"address-level2\" value=\"\" \/><\/div><\/div><\/div><\/div><\/div><div class=\"forminator-row\"><div id=\"text-1\" class=\"forminator-field-text forminator-col forminator-col-6 \"><div class=\"forminator-field\"><label for=\"forminator-field-text-1_69d56b3a44547\" id=\"forminator-field-text-1_69d56b3a44547-label\" class=\"forminator-label\">Alto Puerta <span class=\"forminator-required\">*<\/span><\/label><input type=\"text\" name=\"text-1\" value=\"\" placeholder=\"Alto Aproximado de la puerta\" id=\"forminator-field-text-1_69d56b3a44547\" class=\"forminator-input forminator-name--field\" data-required=\"1\" \/><\/div><\/div><div id=\"text-2\" class=\"forminator-field-text forminator-col forminator-col-6 \"><div class=\"forminator-field\"><label for=\"forminator-field-text-2_69d56b3a44547\" id=\"forminator-field-text-2_69d56b3a44547-label\" class=\"forminator-label\">Ancho Puerta <span class=\"forminator-required\">*<\/span><\/label><input type=\"text\" name=\"text-2\" value=\"\" placeholder=\"Ancho Aproximado de la puerta\" id=\"forminator-field-text-2_69d56b3a44547\" class=\"forminator-input forminator-name--field\" data-required=\"1\" \/><\/div><\/div><\/div><div class=\"forminator-row\"><div id=\"textarea-1\" class=\"forminator-field-textarea forminator-col forminator-col-12 \"><div class=\"forminator-field\"><label for=\"forminator-field-textarea-1_69d56b3a44547\" id=\"forminator-field-textarea-1_69d56b3a44547-label\" class=\"forminator-label\">Mensaje <span class=\"forminator-required\">*<\/span><\/label><span id=\"forminator-field-textarea-1_69d56b3a44547-description\" class=\"forminator-description\"><span data-limit=\"180\" data-type=\"characters\" data-editor=\"\">0 \/ 180<\/span><\/span><textarea name=\"textarea-1\" placeholder=\"Cu\u00e9ntanos sobre tu puerta\" id=\"forminator-field-textarea-1_69d56b3a44547\" class=\"forminator-textarea\" rows=\"6\" style=\"min-height:140px;\" maxlength=\"180\" ><\/textarea><\/div><\/div><\/div><input type=\"hidden\" name=\"referer_url\" value=\"\" \/><div class=\"forminator-row forminator-row-last\"><div class=\"forminator-col\"><div class=\"forminator-field\"><button class=\"forminator-button forminator-button-submit\">Enviar mensaje<\/button><\/div><\/div><\/div><input type=\"hidden\" id=\"forminator_nonce\" name=\"forminator_nonce\" value=\"1dcf1511ba\" \/><input type=\"hidden\" name=\"_wp_http_referer\" value=\"\/es\/wp-json\/wp\/v2\/pages\/1803\" \/><input type=\"hidden\" name=\"form_id\" value=\"1806\"><input type=\"hidden\" name=\"page_id\" value=\"1803\"><input type=\"hidden\" name=\"form_type\" value=\"default\"><input type=\"hidden\" name=\"current_url\" value=\"https:\/\/www.segova.cat\/es\/puertas-seccionales-asequibles-en-el-bages\/\"><input type=\"hidden\" name=\"render_id\" value=\"0\"><input type=\"hidden\" name=\"action\" value=\"forminator_submit_form_custom-forms\"><\/form><\/div>\n\n<\/div>\n<\/div>\n<\/div>\n\n\n<section class=\"gb-element-ab72a1bd\">\n<div class=\"gb-element-690468ba\">\n<h2 class=\"gb-text gb-text-6c99e08c\">Clientes Satisfechos con SEGOVA y DoorGate<\/h2>\n\n\n\n<div class=\"gb-element-e92f083e\">\n<p class=\"gb-text gb-text-bae4efcd\">\u00abLa puerta DoorGate instalada por SEGOVA ha superado nuestras expectativas. \u00a1Excelente servicio!\u00bb &#8211; Carlos Ruiz.<\/p>\n\n\n\n<p class=\"gb-text gb-text-d457196a\">\u00abProfesionales y eficientes. Estamos muy contentos con la calidad y el dise\u00f1o de la puerta.\u00bb &#8211; Andrea Otero.<\/p>\n\n\n\n<p class=\"gb-text gb-text-a7b9af9d\">\u00abLa atenci\u00f3n personalizada de SEGOVA hizo que todo el proceso fuera muy sencillo.\u00bb &#8211; Andr\u00e9s Vidal.<\/p>\n<\/div>\n<\/div>\n<\/section>\n\n\n\n<div class=\"gb-element-45182273\">\n<div class=\"gb-element-69f5ab90\">\n<h2 class=\"gb-text gb-text-a7530d8c\">Nuestra Selecci\u00f3n de Puertas DoorGate<\/h2>\n\n\n\n<a class=\"gb-button gb-button-8ec2a326 gb-button-text\" href=\"https:\/\/doorgate.pt\/es\/productos\/puertas-seccionales\/puertas-seccionales-residenciales\/\" target=\"_blank\" rel=\"noopener noreferrer\">Ver Todo el Cat\u00e1logo<\/a>\n<\/div>\n\n\n\n<div class=\"gb-element-88861f6d\">\n<div class=\"gb-element-4c58fec8\">\n<img loading=\"lazy\" decoding=\"async\" width=\"600\" height=\"600\" class=\"gb-media-7668f076\" src=\"https:\/\/www.segova.cat\/es\/wp-content\/uploads\/sites\/2\/2025\/04\/residenciais_22.jpg\" title=\"residenciais_22\" srcset=\"https:\/\/www.segova.cat\/es\/wp-content\/uploads\/sites\/2\/2025\/04\/residenciais_22.jpg 600w, https:\/\/www.segova.cat\/es\/wp-content\/uploads\/sites\/2\/2025\/04\/residenciais_22-300x300.jpg 300w, https:\/\/www.segova.cat\/es\/wp-content\/uploads\/sites\/2\/2025\/04\/residenciais_22-150x150.jpg 150w\" sizes=\"auto, (max-width: 600px) 100vw, 600px\" \/>\n\n\n\n<div class=\"gb-element-124534f0\">\n<h3 class=\"gb-text gb-text-05ad0692\">Puertas Seccionales<\/h3>\n\n\n\n<p class=\"gb-text gb-text-495b908e\">Ideales para garajes y almacenes, con m\u00e1xima eficiencia y seguridad.<\/p>\n<\/div>\n<\/div>\n\n\n\n<div class=\"gb-element-2fc02420\">\n<img loading=\"lazy\" decoding=\"async\" width=\"600\" height=\"600\" class=\"gb-media-4546cbb3\" src=\"https:\/\/www.segova.cat\/es\/wp-content\/uploads\/sites\/2\/2025\/04\/fold_22.jpg\" title=\"fold_22\" srcset=\"https:\/\/www.segova.cat\/es\/wp-content\/uploads\/sites\/2\/2025\/04\/fold_22.jpg 600w, https:\/\/www.segova.cat\/es\/wp-content\/uploads\/sites\/2\/2025\/04\/fold_22-300x300.jpg 300w, https:\/\/www.segova.cat\/es\/wp-content\/uploads\/sites\/2\/2025\/04\/fold_22-150x150.jpg 150w\" sizes=\"auto, (max-width: 600px) 100vw, 600px\" \/>\n\n\n\n<div class=\"gb-element-dcbef336\">\n<h3 class=\"gb-text gb-text-780404fe\">Puertas R\u00e1pidas<\/h3>\n\n\n\n<p class=\"gb-text gb-text-779fcaab\">Perfectas para entornos industriales con alto tr\u00e1fico, optimizando el flujo de trabajo.<\/p>\n<\/div>\n<\/div>\n\n\n\n<div class=\"gb-element-4af27e54\">\n<img loading=\"lazy\" decoding=\"async\" width=\"1920\" height=\"1280\" class=\"gb-media-b914bb6d\" src=\"https:\/\/www.segova.cat\/es\/wp-content\/uploads\/sites\/2\/2025\/04\/capa_mecanismo_slim125.jpg\" title=\"capa_mecanismo_slim125\" srcset=\"https:\/\/www.segova.cat\/es\/wp-content\/uploads\/sites\/2\/2025\/04\/capa_mecanismo_slim125.jpg 1920w, https:\/\/www.segova.cat\/es\/wp-content\/uploads\/sites\/2\/2025\/04\/capa_mecanismo_slim125-300x200.jpg 300w, https:\/\/www.segova.cat\/es\/wp-content\/uploads\/sites\/2\/2025\/04\/capa_mecanismo_slim125-1024x683.jpg 1024w, https:\/\/www.segova.cat\/es\/wp-content\/uploads\/sites\/2\/2025\/04\/capa_mecanismo_slim125-768x512.jpg 768w, https:\/\/www.segova.cat\/es\/wp-content\/uploads\/sites\/2\/2025\/04\/capa_mecanismo_slim125-1536x1024.jpg 1536w\" sizes=\"auto, (max-width: 1920px) 100vw, 1920px\" \/>\n\n\n\n<div class=\"gb-element-c3825577\">\n<h3 class=\"gb-text gb-text-0caf1d4d\">Puertas de Cristal<\/h3>\n\n\n\n<p class=\"gb-text gb-text-2179365a\">Elegancia y modernidad para espacios comerciales, con m\u00e1xima visibilidad.<\/p>\n<\/div>\n<\/div>\n<\/div>\n<\/div>\n\n\n\n<div class=\"gb-element-f2d72d86\">\n<p class=\"gb-text gb-text-d872362d\"><strong>Solicita informaci\u00f3n detallada sobre modelos, instalaci\u00f3n y caracter\u00edsticas t\u00e9cnicas de nuestras puertas DoorGate autom\u00e1ticas<\/strong><\/p>\n\n\n\n<a class=\"gb-button gb-button-146c517a gb-button-text\" href=\"https:\/\/www.segova.cat\/es\/contacto\/\">Cont\u00e1ctanos<\/a>\n<\/div>\n\n\n\n<div class=\"gb-element-3fcd10c4\">\n<h2 class=\"gb-text gb-text-f1c29608\">Tecnolog\u00eda y Calidad De Puertas Autom\u00e1ticas DoorGate<\/h2>\n\n\n\n<div class=\"gb-element-036e6772\">\n<div class=\"gb-element-07a29b77\">\n<h4 class=\"gb-text gb-text-bb3dbe9a\">Materiales de alta resistencia<\/h4>\n\n\n\n<p class=\"gb-text gb-text-61a6680b\">&nbsp;Acero galvanizado, aluminio, y m\u00e1s.<\/p>\n<\/div>\n\n\n\n<div class=\"gb-element-5261405b\">\n<h4 class=\"gb-text gb-text-99e19e10\">Sistemas de seguridad avanzados<\/h4>\n\n\n\n<p class=\"gb-text gb-text-a9292029\">Fotoc\u00e9lulas, sensores, y cierres de seguridad.<\/p>\n<\/div>\n\n\n\n<div class=\"gb-element-31682aa2\">\n<h4 class=\"gb-text gb-text-dc5cb1c0\">Automatizaci\u00f3n inteligente<\/h4>\n\n\n\n<p class=\"gb-text gb-text-7068ab3d\">Motores de \u00faltima generaci\u00f3n y controles remotos.<\/p>\n<\/div>\n\n\n\n<div class=\"gb-element-1c79117d\">\n<h4 class=\"gb-text gb-text-dbeb64ac\">Acabados personalizados<\/h4>\n\n\n\n<p class=\"gb-text gb-text-0a2b05a8\">Amplia variedad de colores y texturas.<\/p>\n<\/div>\n<\/div>\n<\/div>\n\n\n\n<div class=\"gb-element-1085637e\">\n<p class=\"gb-text gb-text-08e5a076\"><strong>Cont\u00e1ctanos hoy mismo para recibir asesoramiento t\u00e9cnico y personalizado sobre nuestras puertas seccionales<\/strong> <strong>DoorGate.<\/strong><\/p>\n\n\n\n<a class=\"gb-button gb-button-9b394b68 gb-button-text\" href=\"https:\/\/www.segova.cat\/es\/contacto\/\">Solicita tu Presupuesto<\/a>\n<\/div>\n\n\n\n<div class=\"gb-element-6d99ba67\">\n<div class=\"gb-element-b51dfdd8\">\n<h2 class=\"gb-text gb-text-984aebeb\">Solicita tu Presupuesto DoorGate con SEGOVA<\/h2>\n\n\n\n<p class=\"gb-text gb-text-8a0f595c\">\u00bfQuieres saber cu\u00e1nto costar\u00e1 instalar una puerta autom\u00e1tica DoorGate en tu hogar o negocio? En SEGOVA.cat te lo ponemos f\u00e1cil. Solo tienes que llamarnos o completar nuestro formulario online, y te enviaremos un presupuesto ajustado a tus necesidades.<\/p>\n\n\n\n<ul class=\"wp-block-list has-contrast-color has-text-color has-link-color wp-elements-090b410d73e0b9f044239e90d8315361\">\n<li>Nuevas Instalaciones<\/li>\n\n\n\n<li>Mantenimiento<\/li>\n\n\n\n<li>Reparaciones<\/li>\n\n\n\n<li>Automatizaci\u00f3n<\/li>\n<\/ul>\n<\/div>\n\n\n\n<div class=\"gb-element-da9ce31f\">\n<img loading=\"lazy\" decoding=\"async\" width=\"600\" height=\"600\" class=\"gb-media-4e769ee3\" src=\"https:\/\/www.segova.cat\/es\/wp-content\/uploads\/sites\/2\/2025\/04\/industriais_22.jpg\" title=\"industriais_22\" srcset=\"https:\/\/www.segova.cat\/es\/wp-content\/uploads\/sites\/2\/2025\/04\/industriais_22.jpg 600w, https:\/\/www.segova.cat\/es\/wp-content\/uploads\/sites\/2\/2025\/04\/industriais_22-300x300.jpg 300w, https:\/\/www.segova.cat\/es\/wp-content\/uploads\/sites\/2\/2025\/04\/industriais_22-150x150.jpg 150w\" sizes=\"auto, (max-width: 600px) 100vw, 600px\" \/>\n<\/div>\n<\/div>\n\n\n\n<div class=\"gb-element-3f0d2a1e\">\n<div class=\"gb-element-0e034d95\"><\/div>\n\n\n\n<div class=\"gb-element-e12b7c42\">\n<h2 class=\"gb-text gb-text-d81c6d62\">Calcula el Precio de tu Puerta Seccional DoorGate<\/h2>\n\n\n\n<p class=\"gb-text gb-text-958c68ec\">Descubre cu\u00e1nto puede costar tener una puerta seccional autom\u00e1tica en tu hogar. En SEGOVA.cat te ofrecemos soluciones asequibles, con acabados de alta calidad e instalaci\u00f3n profesional incluida. Nuestras puertas combinan funcionalidad, seguridad y dise\u00f1o. Rellena el formulario o ll\u00e1manos para obtener un presupuesto ajustado a tus necesidades, sin complicaciones ni sorpresas.<\/p>\n\n\n\n<a class=\"gb-button gb-button-e8c07922 gb-button-text\" href=\"https:\/\/www.segova.cat\/es\/contacto\/\">Solicita tu Presupuesto<\/a>\n\n\n\n<div class=\"gb-element-e227220f\">\n<p class=\"gb-text gb-text-f9bd0e8b\"><a href=\"tel:931 41 2463\">931 41 2463<\/a><strong>&nbsp;\u2013&nbsp;<\/strong><a href=\"tel:629 064 368\">629 064 368<\/a><\/p>\n<\/div>\n<\/div>\n<\/div>\n","protected":false},"excerpt":{"rendered":"<p>Ventajas Exclusivas de las Puertas DoorGate con SEGOVA Solicita tu Presupuesto Clientes Satisfechos con SEGOVA &#8230; <a title=\"Puertas seccionales asequibles en el Bages\" class=\"read-more\" href=\"https:\/\/www.segova.cat\/es\/puertas-seccionales-asequibles-en-el-bages\/\" aria-label=\"Leer m\u00e1s sobre Puertas seccionales asequibles en el Bages\">Leer m\u00e1s<\/a><\/p>\n","protected":false},"author":1,"featured_media":0,"parent":0,"menu_order":0,"comment_status":"closed","ping_status":"closed","template":"","meta":{"footnotes":""},"class_list":["post-1803","page","type-page","status-publish"],"_links":{"self":[{"href":"https:\/\/www.segova.cat\/es\/wp-json\/wp\/v2\/pages\/1803","targetHints":{"allow":["GET"]}}],"collection":[{"href":"https:\/\/www.segova.cat\/es\/wp-json\/wp\/v2\/pages"}],"about":[{"href":"https:\/\/www.segova.cat\/es\/wp-json\/wp\/v2\/types\/page"}],"author":[{"embeddable":true,"href":"https:\/\/www.segova.cat\/es\/wp-json\/wp\/v2\/users\/1"}],"replies":[{"embeddable":true,"href":"https:\/\/www.segova.cat\/es\/wp-json\/wp\/v2\/comments?post=1803"}],"version-history":[{"count":111,"href":"https:\/\/www.segova.cat\/es\/wp-json\/wp\/v2\/pages\/1803\/revisions"}],"predecessor-version":[{"id":1968,"href":"https:\/\/www.segova.cat\/es\/wp-json\/wp\/v2\/pages\/1803\/revisions\/1968"}],"wp:attachment":[{"href":"https:\/\/www.segova.cat\/es\/wp-json\/wp\/v2\/media?parent=1803"}],"curies":[{"name":"wp","href":"https:\/\/api.w.org\/{rel}","templated":true}]}}