{"id":1980,"date":"2025-11-10T10:50:25","date_gmt":"2025-11-10T10:50:25","guid":{"rendered":"https:\/\/www.segova.cat\/es\/?page_id=1980"},"modified":"2025-12-10T13:08:53","modified_gmt":"2025-12-10T13:08:53","slug":"pintura-de-puertas-de-garaje","status":"publish","type":"page","link":"https:\/\/www.segova.cat\/es\/pintura-de-puertas-de-garaje\/","title":{"rendered":"Pintura de puertas de garaje"},"content":{"rendered":"\n<div class=\"gb-element-76cfb3fc\">\n<div>\n<h2 class=\"gb-text gb-text-36273aa3\">Dale una nueva vida a la entrada de tu hogar o negocio con un acabado duradero que protege y embellece<\/h2>\n\n\n\n<div class=\"gb-element-fbac69b9\">\n<div>\n<p class=\"gb-text\">La puerta de tu garaje es uno de los primeros elementos que se ven en tu propiedad. Una puerta descuidada puede restar valor y dar una mala impresi\u00f3n, mientras que una puerta bien pintada y mantenida no solo mejora la est\u00e9tica general de tu fachada, sino que tambi\u00e9n act\u00faa como una barrera de protecci\u00f3n contra la intemperie, el \u00f3xido y el deterioro.<\/p>\n<\/div>\n\n\n\n<div>\n<img loading=\"lazy\" decoding=\"async\" width=\"1000\" height=\"680\" class=\"gb-media-3ab5c49c\" alt=\"\" src=\"https:\/\/www.segova.cat\/es\/wp-content\/uploads\/sites\/2\/2025\/11\/pintar-puerta-garaje-manresa.jpg\" title=\"pintar puerta garaje manresa\" srcset=\"https:\/\/www.segova.cat\/es\/wp-content\/uploads\/sites\/2\/2025\/11\/pintar-puerta-garaje-manresa.jpg 1000w, https:\/\/www.segova.cat\/es\/wp-content\/uploads\/sites\/2\/2025\/11\/pintar-puerta-garaje-manresa-300x204.jpg 300w, https:\/\/www.segova.cat\/es\/wp-content\/uploads\/sites\/2\/2025\/11\/pintar-puerta-garaje-manresa-768x522.jpg 768w\" sizes=\"auto, (max-width: 1000px) 100vw, 1000px\" \/>\n<\/div>\n<\/div>\n<\/div>\n<\/div>\n\n\n\n<div class=\"gb-element-56005d8c\">\n<div class=\"gb-element-d75b109a\">\n<h2 class=\"gb-text gb-text-b4771cb2\">\u00bfPor qu\u00e9 es importante pintar tu puerta de garaje?<\/h2>\n\n\n\n<p class=\"gb-text gb-text-2fde5f4d\">Descubre los beneficios que aporta un mantenimiento profesional a la puerta de tu garaje<\/p>\n\n\n\n<div class=\"gb-element-9bc70920\">\n<div class=\"gb-element-47e7b011\">\n<p class=\"gb-text-3da66114\"><span class=\"gb-shape\"><svg xmlns=\"http:\/\/www.w3.org\/2000\/svg\" width=\"32\" height=\"32\" viewBox=\"0 0 256 256\"><!-- Icon from Phosphor by Phosphor Icons - https:\/\/github.com\/phosphor-icons\/core\/blob\/main\/LICENSE --><path fill=\"currentColor\" d=\"M208 36H48a20 20 0 0 0-20 20v56c0 54.29 26.32 87.22 48.4 105.29c23.71 19.39 47.44 26 48.44 26.29a12.1 12.1 0 0 0 6.32 0c1-.28 24.73-6.9 48.44-26.29c22.08-18.07 48.4-51 48.4-105.29V56a20 20 0 0 0-20-20m-4 76c0 35.71-13.09 64.69-38.91 86.15A126.3 126.3 0 0 1 128 219.38a126.1 126.1 0 0 1-37.09-21.23C65.09 176.69 52 147.71 52 112V60h152ZM79.51 144.49a12 12 0 1 1 17-17L112 143l47.51-47.52a12 12 0 0 1 17 17l-56 56a12 12 0 0 1-17 0Z\"><\/path><\/svg><\/span><\/p>\n\n\n\n<h4 class=\"gb-text gb-text-dd43bd8e\">Protecci\u00f3n Avanzada<\/h4>\n\n\n\n<p class=\"gb-text gb-text-fe196e95\">Defendemos tu puerta de la lluvia, el sol, la humedad y el \u00f3xido, alargando su vida \u00fatil y evitando costosas reparaciones.<\/p>\n<\/div>\n\n\n\n<div class=\"gb-element-cd5e103a\">\n<p class=\"gb-text-1a137b93\"><span class=\"gb-shape\"><svg xmlns=\"http:\/\/www.w3.org\/2000\/svg\" width=\"32\" height=\"32\" viewBox=\"0 0 256 256\"><!-- Icon from Phosphor by Phosphor Icons - https:\/\/github.com\/phosphor-icons\/core\/blob\/main\/LICENSE --><g fill=\"currentColor\"><path d=\"M224 127.17a96.5 96.5 0 0 1-2.39 22.18a24 24 0 0 1-23.4 18.65H152a24 24 0 0 0-24 24a24 24 0 0 1-32 22.61c-37.27-13.17-64-44.8-64-86.61a96 96 0 0 1 95-96c52.84-.53 96.55 42.35 97 95.17\" opacity=\".2\"><\/path><path d=\"M200.77 53.89A103.27 103.27 0 0 0 128 24h-1.07A104 104 0 0 0 24 128c0 43 26.58 79.06 69.36 94.17A32 32 0 0 0 136 192a16 16 0 0 1 16-16h46.21a31.81 31.81 0 0 0 31.2-24.88a104.4 104.4 0 0 0 2.59-24a103.28 103.28 0 0 0-31.23-73.23m13 93.71a15.89 15.89 0 0 1-15.56 12.4H152a32 32 0 0 0-32 32a16 16 0 0 1-21.31 15.07C62.49 194.3 40 164 40 128a88 88 0 0 1 87.09-88h.9a88.35 88.35 0 0 1 88 87.25a89 89 0 0 1-2.18 20.35ZM140 76a12 12 0 1 1-12-12a12 12 0 0 1 12 12m-44 24a12 12 0 1 1-12-12a12 12 0 0 1 12 12m0 56a12 12 0 1 1-12-12a12 12 0 0 1 12 12m88-56a12 12 0 1 1-12-12a12 12 0 0 1 12 12\"><\/path><\/g><\/svg><\/span><\/p>\n\n\n\n<h4 class=\"gb-text gb-text-b3d50fa1\">Mejora Visual Inmediata<\/h4>\n\n\n\n<p class=\"gb-text gb-text-2c7b18c5\">Un color nuevo y un acabado impecable renuevan por completo la fachada, incrementando el atractivo y la percepci\u00f3n de cuidado de tu propiedad.<\/p>\n<\/div>\n\n\n\n<div class=\"gb-element-7ca736a0\">\n<p class=\"gb-text-c396f036\"><span class=\"gb-shape\"><svg xmlns=\"http:\/\/www.w3.org\/2000\/svg\" width=\"32\" height=\"32\" viewBox=\"0 0 256 256\"><!-- Icon from Phosphor by Phosphor Icons - https:\/\/github.com\/phosphor-icons\/core\/blob\/main\/LICENSE --><path fill=\"currentColor\" d=\"M140 80v41.21l34.17 20.5a12 12 0 1 1-12.34 20.58l-40-24A12 12 0 0 1 116 128V80a12 12 0 0 1 24 0m84-28a12 12 0 0 0-12 12v7.37c-4.21-4.67-8.58-9.31-13.29-14.08a100 100 0 1 0-2.07 143.44a12 12 0 0 0-16.48-17.46a76 76 0 1 1 1.53-109.06C187.61 80.2 193 86 198.23 92H184a12 12 0 0 0 0 24h40a12 12 0 0 0 12-12V64a12 12 0 0 0-12-12\"><\/path><\/svg><\/span><\/p>\n\n\n\n<h4 class=\"gb-text gb-text-22a1f942\">Acabados Resistentes<\/h4>\n\n\n\n<p class=\"gb-text gb-text-b97d3e41\">Utilizamos pinturas formuladas para soportar el uso diario y las condiciones clim\u00e1ticas m\u00e1s exigentes, garantizando un resultado que perdura.<\/p>\n<\/div>\n\n\n\n<div class=\"gb-element-7f579b2c\">\n<p class=\"gb-text-ba2776d6\"><span class=\"gb-shape\"><svg xmlns=\"http:\/\/www.w3.org\/2000\/svg\" width=\"32\" height=\"32\" viewBox=\"0 0 256 256\"><!-- Icon from Phosphor by Phosphor Icons - https:\/\/github.com\/phosphor-icons\/core\/blob\/main\/LICENSE --><path fill=\"currentColor\" d=\"M208 36H48a20 20 0 0 0-20 20v56c0 54.29 26.32 87.22 48.4 105.29c23.71 19.39 47.44 26 48.44 26.29a12.1 12.1 0 0 0 6.32 0c1-.28 24.73-6.9 48.44-26.29c22.08-18.07 48.4-51 48.4-105.29V56a20 20 0 0 0-20-20m-4 76c0 35.71-13.09 64.69-38.91 86.15A126.3 126.3 0 0 1 128 219.38a126.1 126.1 0 0 1-37.09-21.23C65.09 176.69 52 147.71 52 112V60h152ZM79.51 144.49a12 12 0 1 1 17-17L112 143l47.51-47.52a12 12 0 0 1 17 17l-56 56a12 12 0 0 1-17 0Z\"><\/path><\/svg><\/span><\/p>\n\n\n\n<h4 class=\"gb-text gb-text-d6a43ea5\">Incrementa el Valor de tu Inmueble<\/h4>\n\n\n\n<p class=\"gb-text gb-text-86d6cb9d\">Una entrada bien presentada no solo genera una mejor primera impresi\u00f3n, sino que tambi\u00e9n puede aumentar el valor de mercado de tu vivienda o local.<\/p>\n<\/div>\n<\/div>\n<\/div>\n<\/div>\n\n\n\n<div>\n<div class=\"gb-element-bcc3d43d\">\n<h2 class=\"gb-text gb-text-f8d24b04\">Nuestro Proceso de Trabajo: Paso a Paso<\/h2>\n\n\n\n<div class=\"gb-element-ec28b692\">\n<div class=\"gb-element-2a627f4c\">\n<img loading=\"lazy\" decoding=\"async\" width=\"1024\" height=\"1024\" class=\"gb-media-a5a2fc7d\" src=\"https:\/\/www.segova.cat\/es\/wp-content\/uploads\/sites\/2\/2025\/11\/pintura-antes.jpg\" title=\"pintura antes\" alt=\"\" srcset=\"https:\/\/www.segova.cat\/es\/wp-content\/uploads\/sites\/2\/2025\/11\/pintura-antes.jpg 1024w, https:\/\/www.segova.cat\/es\/wp-content\/uploads\/sites\/2\/2025\/11\/pintura-antes-300x300.jpg 300w, https:\/\/www.segova.cat\/es\/wp-content\/uploads\/sites\/2\/2025\/11\/pintura-antes-150x150.jpg 150w, https:\/\/www.segova.cat\/es\/wp-content\/uploads\/sites\/2\/2025\/11\/pintura-antes-768x768.jpg 768w\" sizes=\"auto, (max-width: 1024px) 100vw, 1024px\" \/>\n<\/div>\n\n\n\n<div>\n<h3 class=\"gb-text gb-text-69e951d2\">Asesoramiento y Presupuesto<\/h3>\n\n\n\n<p class=\"gb-text gb-text-32e939ff\">Analizamos el estado de tu puerta, te ayudamos a elegir el color y acabado ideales y te ofrecemos un presupuesto detallado y transparente.<\/p>\n<\/div>\n<\/div>\n\n\n\n<div class=\"gb-element-b37145ac\">\n<div>\n<img loading=\"lazy\" decoding=\"async\" width=\"1024\" height=\"1024\" class=\"gb-media-e733acd5\" src=\"https:\/\/www.segova.cat\/es\/wp-content\/uploads\/sites\/2\/2025\/11\/pintor-prep.jpg\" title=\"pintor prep\" alt=\"\" srcset=\"https:\/\/www.segova.cat\/es\/wp-content\/uploads\/sites\/2\/2025\/11\/pintor-prep.jpg 1024w, https:\/\/www.segova.cat\/es\/wp-content\/uploads\/sites\/2\/2025\/11\/pintor-prep-300x300.jpg 300w, https:\/\/www.segova.cat\/es\/wp-content\/uploads\/sites\/2\/2025\/11\/pintor-prep-150x150.jpg 150w, https:\/\/www.segova.cat\/es\/wp-content\/uploads\/sites\/2\/2025\/11\/pintor-prep-768x768.jpg 768w\" sizes=\"auto, (max-width: 1024px) 100vw, 1024px\" \/>\n<\/div>\n\n\n\n<div>\n<h3 class=\"gb-text gb-text-fa8149cd\">Preparaci\u00f3n Minuciosa<\/h3>\n\n\n\n<p class=\"gb-text gb-text-6c3da27c\">La clave de un buen trabajo. Limpiamos a fondo, lijamos, eliminamos el \u00f3xido y aplicamos una imprimaci\u00f3n de calidad para asegurar la perfecta adherencia de la pintura.<\/p>\n<\/div>\n<\/div>\n\n\n\n<div class=\"gb-element-6ed29843\">\n<div>\n<img loading=\"lazy\" decoding=\"async\" width=\"900\" height=\"900\" class=\"gb-media-a4c892ec\" src=\"https:\/\/www.segova.cat\/es\/wp-content\/uploads\/sites\/2\/2025\/11\/pintor.jpg\" title=\"pintor\" alt=\"\" srcset=\"https:\/\/www.segova.cat\/es\/wp-content\/uploads\/sites\/2\/2025\/11\/pintor.jpg 900w, https:\/\/www.segova.cat\/es\/wp-content\/uploads\/sites\/2\/2025\/11\/pintor-300x300.jpg 300w, https:\/\/www.segova.cat\/es\/wp-content\/uploads\/sites\/2\/2025\/11\/pintor-150x150.jpg 150w, https:\/\/www.segova.cat\/es\/wp-content\/uploads\/sites\/2\/2025\/11\/pintor-768x768.jpg 768w\" sizes=\"auto, (max-width: 900px) 100vw, 900px\" \/>\n<\/div>\n\n\n\n<div>\n<h3 class=\"gb-text gb-text-121de833\">Aplicaci\u00f3n Profesional<\/h3>\n\n\n\n<p class=\"gb-text gb-text-50696b25\">Aplicamos la pintura con las t\u00e9cnicas adecuadas (rodillo, pistola, etc.) para conseguir un acabado uniforme, sin goteras y con el grosor \u00f3ptimo.<\/p>\n<\/div>\n<\/div>\n\n\n\n<div class=\"gb-element-cb93d7f1\">\n<div>\n<img loading=\"lazy\" decoding=\"async\" width=\"600\" height=\"600\" class=\"gb-media-663e14a5\" src=\"https:\/\/www.segova.cat\/es\/wp-content\/uploads\/sites\/2\/2025\/11\/pintura-de-puertas-de-garaje.jpg\" title=\"pintura de puertas de garaje\" alt=\"Pintar puerta de garaje Manresa\" srcset=\"https:\/\/www.segova.cat\/es\/wp-content\/uploads\/sites\/2\/2025\/11\/pintura-de-puertas-de-garaje.jpg 600w, https:\/\/www.segova.cat\/es\/wp-content\/uploads\/sites\/2\/2025\/11\/pintura-de-puertas-de-garaje-300x300.jpg 300w, https:\/\/www.segova.cat\/es\/wp-content\/uploads\/sites\/2\/2025\/11\/pintura-de-puertas-de-garaje-150x150.jpg 150w\" sizes=\"auto, (max-width: 600px) 100vw, 600px\" \/>\n<\/div>\n\n\n\n<div>\n<h3 class=\"gb-text gb-text-7171e21c\">Revisi\u00f3n y Entrega<\/h3>\n\n\n\n<p class=\"gb-text gb-text-5e687587\">Realizamos una inspecci\u00f3n final del resultado para garantizar que todo sea perfecto y te entregamos la puerta renovada y lista para usar.<\/p>\n<\/div>\n<\/div>\n<\/div>\n<\/div>\n\n\n<div class=\"gb-container gb-container-7d371511\">\n<div class=\"gb-container gb-container-1fb5abde\">\n<div class=\"gb-grid-wrapper gb-grid-wrapper-23b16e93\">\n<div class=\"gb-grid-column gb-grid-column-9b840d53\"><div class=\"gb-container gb-container-9b840d53\">\n\n<h2 class=\"gb-headline gb-headline-446961fd gb-headline-text\">Puertas Segova<\/h2>\n\n\n\n<p class=\"gb-headline gb-headline-ad0e6e9b gb-headline-text\">Ll\u00e1manos hoy mismo para conocer nuestras propuestas en puertas para todo tipo de proyectos<\/p>\n\n<\/div><\/div>\n\n<div class=\"gb-grid-column gb-grid-column-9b4b3409\"><div class=\"gb-container gb-container-9b4b3409\">\n<div class=\"gb-container gb-container-5ce26c8e\">\n\n<a class=\"gb-button gb-button-b4f474e6\" href=\"https:\/\/www.segova.cat\/es\/contacto\/\"><span class=\"gb-button-text\">Pedir presupuesto<\/span><span class=\"gb-icon\"><svg aria-hidden=\"true\" height=\"1em\" width=\"1em\" viewBox=\"0 0 512 512\" xmlns=\"http:\/\/www.w3.org\/2000\/svg\"><path fill=\"currentColor\" d=\"M440 6.5L24 246.4c-34.4 19.9-31.1 70.8 5.7 85.9L144 379.6V464c0 46.4 59.2 65.5 86.6 28.6l43.8-59.1 111.9 46.2c5.9 2.4 12.1 3.6 18.3 3.6 8.2 0 16.3-2.1 23.6-6.2 12.8-7.2 21.6-20 23.9-34.5l59.4-387.2c6.1-40.1-36.9-68.8-71.5-48.9zM192 464v-64.6l36.6 15.1L192 464zm212.6-28.7l-153.8-63.5L391 169.5c10.7-15.5-9.5-33.5-23.7-21.2L155.8 332.6 48 288 464 48l-59.4 387.3z\"><\/path><\/svg><\/span><\/a>\n\n<\/div>\n<\/div><\/div>\n<\/div>\n<\/div>\n<\/div>","protected":false},"excerpt":{"rendered":"<p>Dale una nueva vida a la entrada de tu hogar o negocio con un acabado &#8230; <a title=\"Pintura de puertas de garaje\" class=\"read-more\" href=\"https:\/\/www.segova.cat\/es\/pintura-de-puertas-de-garaje\/\" aria-label=\"Leer m\u00e1s sobre Pintura de puertas de garaje\">Leer m\u00e1s<\/a><\/p>\n","protected":false},"author":1,"featured_media":1334,"parent":0,"menu_order":0,"comment_status":"closed","ping_status":"closed","template":"","meta":{"footnotes":""},"class_list":["post-1980","page","type-page","status-publish","has-post-thumbnail"],"_links":{"self":[{"href":"https:\/\/www.segova.cat\/es\/wp-json\/wp\/v2\/pages\/1980","targetHints":{"allow":["GET"]}}],"collection":[{"href":"https:\/\/www.segova.cat\/es\/wp-json\/wp\/v2\/pages"}],"about":[{"href":"https:\/\/www.segova.cat\/es\/wp-json\/wp\/v2\/types\/page"}],"author":[{"embeddable":true,"href":"https:\/\/www.segova.cat\/es\/wp-json\/wp\/v2\/users\/1"}],"replies":[{"embeddable":true,"href":"https:\/\/www.segova.cat\/es\/wp-json\/wp\/v2\/comments?post=1980"}],"version-history":[{"count":21,"href":"https:\/\/www.segova.cat\/es\/wp-json\/wp\/v2\/pages\/1980\/revisions"}],"predecessor-version":[{"id":2021,"href":"https:\/\/www.segova.cat\/es\/wp-json\/wp\/v2\/pages\/1980\/revisions\/2021"}],"wp:featuredmedia":[{"embeddable":true,"href":"https:\/\/www.segova.cat\/es\/wp-json\/wp\/v2\/media\/1334"}],"wp:attachment":[{"href":"https:\/\/www.segova.cat\/es\/wp-json\/wp\/v2\/media?parent=1980"}],"curies":[{"name":"wp","href":"https:\/\/api.w.org\/{rel}","templated":true}]}}